{"id":15,"date":"2024-06-06T00:41:00","date_gmt":"2024-06-05T22:41:00","guid":{"rendered":"https:\/\/www.alutransportboxen.de\/?page_id=15"},"modified":"2024-06-10T16:05:40","modified_gmt":"2024-06-10T14:05:40","slug":"ueber-uns","status":"publish","type":"page","link":"https:\/\/www.alutransportboxen.de\/?page_id=15","title":{"rendered":"\u00dcber uns \/ Fertigung"},"content":{"rendered":"\n<div class=\"wp-block-group alignfull has-base-2-background-color has-background has-global-padding is-layout-constrained wp-container-core-group-is-layout-669513ed wp-block-group-is-layout-constrained\" style=\"margin-top:0;margin-bottom:0;padding-top:var(--wp--preset--spacing--50);padding-right:var(--wp--preset--spacing--50);padding-bottom:var(--wp--preset--spacing--50);padding-left:var(--wp--preset--spacing--50)\">\n<div class=\"wp-block-columns alignwide is-layout-flex wp-container-core-columns-is-layout-1da03c2a wp-block-columns-is-layout-flex\">\n<div class=\"wp-block-column is-vertically-aligned-stretch is-layout-flow wp-block-column-is-layout-flow\" style=\"flex-basis:50%\">\n<div class=\"wp-block-group is-vertical is-content-justification-stretch is-layout-flex wp-container-core-group-is-layout-444d5ee8 wp-block-group-is-layout-flex\" style=\"min-height:100%\">\n<div class=\"wp-block-columns is-layout-flex wp-container-core-columns-is-layout-28f84493 wp-block-columns-is-layout-flex\">\n<div class=\"wp-block-column is-layout-flow wp-block-column-is-layout-flow\" style=\"flex-basis:100%\">\n<div class=\"wp-block-columns is-layout-flex wp-container-core-columns-is-layout-28f84493 wp-block-columns-is-layout-flex\">\n<div class=\"wp-block-column is-layout-flow wp-block-column-is-layout-flow\" style=\"flex-basis:100%\">\n<div class=\"wp-block-columns is-layout-flex wp-container-core-columns-is-layout-28f84493 wp-block-columns-is-layout-flex\">\n<div class=\"wp-block-column is-layout-flow wp-block-column-is-layout-flow\" style=\"flex-basis:100%\">\n<p class=\"has-large-font-size\">Biegen, Kanten CNC-Fertigung<\/p>\n\n\n\n<p>Auf einer CNC-gesteuerten Abkantmaschine gefertigte Formteile sind Garantie f\u00fcr Pr\u00e4zision und Qualit\u00e4t. Individuelle Fertigung nach h\u00f6chsten Standards. Ein Garant f\u00fcr Pr\u00e4zision und gleichbleibende Qualit\u00e4t, wie sie manuell nur schwer zu erreichen w\u00e4re. Biegekante, Biegewinkel oder Biegeradius k\u00f6nnen exakt eingehalten werden, egal ob Serienfertigung oder Einzelst\u00fccke.<\/p>\n<\/div>\n<\/div>\n<\/div>\n<\/div>\n<\/div>\n<\/div>\n\n\n\n<p><\/p>\n<\/div>\n<\/div>\n\n\n\n<div class=\"wp-block-column is-vertically-aligned-center is-layout-flow wp-block-column-is-layout-flow\" style=\"flex-basis:50%\">\n<figure class=\"wp-block-image size-full is-style-rounded is-style-rounded--1\"><img loading=\"lazy\" decoding=\"async\" width=\"640\" height=\"480\" src=\"https:\/\/www.alutransportboxen.de\/wp-content\/uploads\/2024\/06\/Kanten_02.jpg\" alt=\"\" class=\"wp-image-124\" style=\"object-fit:cover\" srcset=\"https:\/\/www.alutransportboxen.de\/wp-content\/uploads\/2024\/06\/Kanten_02.jpg 640w, https:\/\/www.alutransportboxen.de\/wp-content\/uploads\/2024\/06\/Kanten_02-300x225.jpg 300w\" sizes=\"auto, (max-width: 640px) 100vw, 640px\" \/><\/figure>\n<\/div>\n<\/div>\n<\/div>\n\n\n\n<div class=\"wp-block-group alignfull has-base-background-color has-background has-global-padding is-layout-constrained wp-container-core-group-is-layout-d89aad35 wp-block-group-is-layout-constrained\" style=\"margin-top:0;margin-bottom:0;padding-top:var(--wp--preset--spacing--50);padding-right:var(--wp--preset--spacing--50);padding-bottom:var(--wp--preset--spacing--50);padding-left:var(--wp--preset--spacing--50)\">\n<div class=\"wp-block-columns alignwide is-layout-flex wp-container-core-columns-is-layout-1da03c2a wp-block-columns-is-layout-flex\">\n<div class=\"wp-block-column is-vertically-aligned-center is-layout-flow wp-block-column-is-layout-flow\" style=\"flex-basis:60%\">\n<figure class=\"wp-block-image size-full is-resized has-custom-border is-style-rounded wp-duotone-unset-3 is-style-rounded--2\"><img loading=\"lazy\" decoding=\"async\" width=\"640\" height=\"480\" src=\"https:\/\/www.alutransportboxen.de\/wp-content\/uploads\/2024\/06\/WIG_02.jpg\" alt=\"WIG Aluminium Schwei\u00dfen\" class=\"wp-image-126\" style=\"border-radius:25px;object-fit:cover;width:588px;height:auto\" srcset=\"https:\/\/www.alutransportboxen.de\/wp-content\/uploads\/2024\/06\/WIG_02.jpg 640w, https:\/\/www.alutransportboxen.de\/wp-content\/uploads\/2024\/06\/WIG_02-300x225.jpg 300w\" sizes=\"auto, (max-width: 640px) 100vw, 640px\" \/><\/figure>\n<\/div>\n\n\n\n<div class=\"wp-block-column is-layout-flow wp-block-column-is-layout-flow\" style=\"flex-basis:59.7%\">\n<h2 class=\"wp-block-heading has-system-sans-serif-font-family has-large-font-size\">Schwei\u00dfen von Aluminium<\/h2>\n\n\n\n<p>Mit Liebe zum Detail schwei\u00dfen wir Ihre Alumiumbox von Hand im WIG-Schwei\u00dfverfahren. Trotz des leichten Gewichtes und der geringen Dichte von Aluminium erreichen wir dadurch auch bei d\u00fcnnwandigen Aluminiumblechen eine hohe Festigkeit und Stabilit\u00e4t. Durch den Einsatz des Schwei\u00dfens von Hand sind Ihren W\u00fcnschen und Anforderungen beim Bau einer individuellen Transportl\u00f6sung kaum Grenzen gesetzt.<\/p>\n\n\n\n<p><\/p>\n\n\n\n<div class=\"wp-block-buttons is-layout-flex wp-block-buttons-is-layout-flex\"><\/div>\n<\/div>\n<\/div>\n<\/div>\n\n\n\n<div class=\"wp-block-group alignfull has-base-2-background-color has-background has-global-padding is-layout-constrained wp-container-core-group-is-layout-d89aad35 wp-block-group-is-layout-constrained\" style=\"margin-top:0;margin-bottom:0;padding-top:var(--wp--preset--spacing--50);padding-right:var(--wp--preset--spacing--50);padding-bottom:var(--wp--preset--spacing--50);padding-left:var(--wp--preset--spacing--50)\">\n<div class=\"wp-block-columns alignwide are-vertically-aligned-top is-layout-flex wp-container-core-columns-is-layout-47c06fe3 wp-block-columns-is-layout-flex\">\n<div class=\"wp-block-column is-vertically-aligned-top is-layout-flow wp-block-column-is-layout-flow\" style=\"flex-basis:50%\">\n<h2 class=\"wp-block-heading has-system-sans-serif-font-family has-large-font-size\">Montage und Anpassungen<\/h2>\n\n\n\n<ul style=\"line-height:1.75\" class=\"is-style-checkmark-list wp-block-list\"><\/ul>\n\n\n\n<div class=\"wp-block-columns is-layout-flex wp-container-core-columns-is-layout-28f84493 wp-block-columns-is-layout-flex\">\n<div class=\"wp-block-column is-layout-flow wp-block-column-is-layout-flow\">\n<p>Nach Ihren W\u00fcnschen montieren wir Ihre Aluminiumtransportbox. Art und Anzahl von Griffen, Ausf\u00fchrung des Deckels, Vorbereitungen f\u00fcr Befestigungen an Fahrzeugen, etc. Wir fertigen nach Ihren W\u00fcnschen. Auf individuelle gestaltete Befestigungsl\u00f6sungen gehen wir gerne ein. Wir fertigen Ihnen die passenden Gegenhaltern aus Stahl oder Edelstahl. Pers\u00f6nliche Besuche sind uns willkommen. Unsere Monteure montieren Ihnen die f\u00fcr Sie gefertigte Transportl\u00f6sung auch gerne an Ihrem Fahrzeug.<\/p>\n<\/div>\n<\/div>\n<\/div>\n\n\n\n<div class=\"wp-block-column is-vertically-aligned-top is-layout-flow wp-block-column-is-layout-flow\" style=\"flex-basis:50%\">\n<figure class=\"wp-block-image size-full is-style-rounded is-style-rounded--4\"><img loading=\"lazy\" decoding=\"async\" width=\"640\" height=\"480\" src=\"https:\/\/www.alutransportboxen.de\/wp-content\/uploads\/2024\/06\/Montage_03.jpg\" alt=\"Montage einer Aluminiumbox\" class=\"wp-image-150\" style=\"aspect-ratio:4\/3;object-fit:cover\" srcset=\"https:\/\/www.alutransportboxen.de\/wp-content\/uploads\/2024\/06\/Montage_03.jpg 640w, https:\/\/www.alutransportboxen.de\/wp-content\/uploads\/2024\/06\/Montage_03-300x225.jpg 300w\" sizes=\"auto, (max-width: 640px) 100vw, 640px\" \/><\/figure>\n<\/div>\n<\/div>\n<\/div>\n","protected":false},"excerpt":{"rendered":"<p>Biegen, Kanten CNC-Fertigung Auf einer CNC-gesteuerten Abkantmaschine gefertigte Formteile sind Garantie f\u00fcr Pr\u00e4zision und Qualit\u00e4t. Individuelle Fertigung nach h\u00f6chsten Standards. Ein Garant f\u00fcr Pr\u00e4zision und gleichbleibende Qualit\u00e4t, wie sie manuell nur schwer zu erreichen w\u00e4re. Biegekante, Biegewinkel oder Biegeradius k\u00f6nnen exakt eingehalten werden, egal ob Serienfertigung oder Einzelst\u00fccke. Schwei\u00dfen von Aluminium Mit Liebe zum Detail [&hellip;]<\/p>\n","protected":false},"author":1,"featured_media":0,"parent":0,"menu_order":0,"comment_status":"closed","ping_status":"closed","template":"","meta":{"footnotes":""},"class_list":["post-15","page","type-page","status-publish","hentry"],"_links":{"self":[{"href":"https:\/\/www.alutransportboxen.de\/index.php?rest_route=\/wp\/v2\/pages\/15","targetHints":{"allow":["GET"]}}],"collection":[{"href":"https:\/\/www.alutransportboxen.de\/index.php?rest_route=\/wp\/v2\/pages"}],"about":[{"href":"https:\/\/www.alutransportboxen.de\/index.php?rest_route=\/wp\/v2\/types\/page"}],"author":[{"embeddable":true,"href":"https:\/\/www.alutransportboxen.de\/index.php?rest_route=\/wp\/v2\/users\/1"}],"replies":[{"embeddable":true,"href":"https:\/\/www.alutransportboxen.de\/index.php?rest_route=%2Fwp%2Fv2%2Fcomments&post=15"}],"version-history":[{"count":15,"href":"https:\/\/www.alutransportboxen.de\/index.php?rest_route=\/wp\/v2\/pages\/15\/revisions"}],"predecessor-version":[{"id":152,"href":"https:\/\/www.alutransportboxen.de\/index.php?rest_route=\/wp\/v2\/pages\/15\/revisions\/152"}],"wp:attachment":[{"href":"https:\/\/www.alutransportboxen.de\/index.php?rest_route=%2Fwp%2Fv2%2Fmedia&parent=15"}],"curies":[{"name":"wp","href":"https:\/\/api.w.org\/{rel}","templated":true}]}}